{"id":1476,"date":"2023-08-28T00:50:51","date_gmt":"2023-08-28T00:50:51","guid":{"rendered":"https:\/\/profalexcursos.com.br\/?post_type=product&#038;p=1476"},"modified":"2023-10-08T13:00:41","modified_gmt":"2023-10-08T13:00:41","slug":"apostila-de-redacao-enfermagem","status":"publish","type":"product","link":"https:\/\/profalexcursos.com.br\/?product=apostila-de-redacao-enfermagem","title":{"rendered":"APOSTILA DE REDA\u00c7\u00c3O ( ENFERMAGEM)"},"content":{"rendered":"<p>APOSTILA DE REDA\u00c7\u00c3O &#8211; ENFERMAGEM &#8211; CONCURSO P\u00daBLICO &#8211; EBSERH- SARAH- PREFEITURAS<\/p>\n<p>TEXTO DISSERTATIVO-ARGUMENTATIVO<\/p>\n<p>13 MODELOS PRONTOS<\/p>\n<p>15 TEMAS PARA TREINAR<\/p>\n<p>TEMAS ESPEC\u00cdFICOS<\/p>\n<p>DICAS DE ARGUMENTOS, GRAM\u00c1TICA TEXTUAL<\/p>\n<p>CONECTIVOS, ESQUELETO<\/p>\n<p>AP\u00d3S A COMPRA SUA APOSTILA CHEGAR\u00c1 EM SEU E-MAIL<\/p>\n","protected":false},"excerpt":{"rendered":"<p>APOSTILA DE REDA\u00c7\u00c3O &#8211; ENFERMAGEM &#8211; CONCURSO P\u00daBLICO &#8211; EBSERH- SARAH- PREFEITURAS TEXTO DISSERTATIVO-ARGUMENTATIVO 13 MODELOS PRONTOS 15 TEMAS PARA TREINAR TEMAS ESPEC\u00cdFICOS DICAS DE ARGUMENTOS, GRAM\u00c1TICA TEXTUAL CONECTIVOS, ESQUELETO AP\u00d3S A COMPRA SUA APOSTILA CHEGAR\u00c1 EM SEU E-MAIL<\/p>\n","protected":false},"featured_media":1566,"comment_status":"open","ping_status":"closed","template":"","meta":{"_monsterinsights_skip_tracking":false,"_monsterinsights_sitenote_active":false,"_monsterinsights_sitenote_note":"","_monsterinsights_sitenote_category":0,"_uf_show_specific_survey":0,"_uf_disable_surveys":false},"product_brand":[],"product_cat":[25],"product_tag":[],"class_list":{"0":"post-1476","1":"product","2":"type-product","3":"status-publish","4":"has-post-thumbnail","6":"product_cat-cursos-e-apostilas","8":"first","9":"instock","10":"sale","11":"virtual","12":"purchasable","13":"product-type-simple"},"aioseo_notices":[],"jetpack_sharing_enabled":true,"_links":{"self":[{"href":"https:\/\/profalexcursos.com.br\/index.php?rest_route=\/wp\/v2\/product\/1476","targetHints":{"allow":["GET"]}}],"collection":[{"href":"https:\/\/profalexcursos.com.br\/index.php?rest_route=\/wp\/v2\/product"}],"about":[{"href":"https:\/\/profalexcursos.com.br\/index.php?rest_route=\/wp\/v2\/types\/product"}],"replies":[{"embeddable":true,"href":"https:\/\/profalexcursos.com.br\/index.php?rest_route=%2Fwp%2Fv2%2Fcomments&post=1476"}],"wp:featuredmedia":[{"embeddable":true,"href":"https:\/\/profalexcursos.com.br\/index.php?rest_route=\/wp\/v2\/media\/1566"}],"wp:attachment":[{"href":"https:\/\/profalexcursos.com.br\/index.php?rest_route=%2Fwp%2Fv2%2Fmedia&parent=1476"}],"wp:term":[{"taxonomy":"product_brand","embeddable":true,"href":"https:\/\/profalexcursos.com.br\/index.php?rest_route=%2Fwp%2Fv2%2Fproduct_brand&post=1476"},{"taxonomy":"product_cat","embeddable":true,"href":"https:\/\/profalexcursos.com.br\/index.php?rest_route=%2Fwp%2Fv2%2Fproduct_cat&post=1476"},{"taxonomy":"product_tag","embeddable":true,"href":"https:\/\/profalexcursos.com.br\/index.php?rest_route=%2Fwp%2Fv2%2Fproduct_tag&post=1476"}],"curies":[{"name":"wp","href":"https:\/\/api.w.org\/{rel}","templated":true}]}}