{"id":272,"date":"2022-04-30T10:37:13","date_gmt":"2022-04-30T10:37:13","guid":{"rendered":"https:\/\/profalexcursos.com.br\/?post_type=product&#038;p=272"},"modified":"2023-05-14T11:52:59","modified_gmt":"2023-05-14T11:52:59","slug":"apostila-cebraspe-carreira-militar","status":"publish","type":"product","link":"https:\/\/profalexcursos.com.br\/?product=apostila-cebraspe-carreira-militar","title":{"rendered":"Apostila CEBRASPE &#8211; Carreira Policial"},"content":{"rendered":"<p>Aprenda com quem realmente entende sobre reda\u00e7\u00e3o e bancas de concurso. Comece agora mesmo a estudar!<\/p>\n<p>Com temas da atualidade<\/p>\n<p>10 reda\u00e7\u00f5es prontas esquematizadas<\/p>\n<p>15 temas para voc\u00ea treinar<\/p>\n<p>Dicas de argumentos, conectivos, gram\u00e1tica aplicada ao texto<\/p>\n<p>Estrutura do texto dissertativo expositivo<\/p>\n","protected":false},"excerpt":{"rendered":"<p>Nesta apostila, voc\u00ea ter\u00e1 acesso a informa\u00e7\u00f5es privilegiadas para obter um excelente desempenho na discursiva do CONCURSO PARA POL\u00cdCIAS CIVIS. Voc\u00ea encontrar\u00e1 modelos e conectivos variados, temas com potenciais chances de cair, reda\u00e7\u00f5es prontas e muito mais.<\/p>\n","protected":false},"featured_media":342,"comment_status":"open","ping_status":"closed","template":"","meta":{"_monsterinsights_skip_tracking":false,"_monsterinsights_sitenote_active":false,"_monsterinsights_sitenote_note":"","_monsterinsights_sitenote_category":0,"_uf_show_specific_survey":0,"_uf_disable_surveys":false},"product_brand":[],"product_cat":[25],"product_tag":[],"class_list":{"0":"post-272","1":"product","2":"type-product","3":"status-publish","4":"has-post-thumbnail","6":"product_cat-cursos-e-apostilas","8":"first","9":"instock","10":"sale","11":"downloadable","12":"virtual","13":"purchasable","14":"product-type-simple"},"aioseo_notices":[],"jetpack_sharing_enabled":true,"_links":{"self":[{"href":"https:\/\/profalexcursos.com.br\/index.php?rest_route=\/wp\/v2\/product\/272","targetHints":{"allow":["GET"]}}],"collection":[{"href":"https:\/\/profalexcursos.com.br\/index.php?rest_route=\/wp\/v2\/product"}],"about":[{"href":"https:\/\/profalexcursos.com.br\/index.php?rest_route=\/wp\/v2\/types\/product"}],"replies":[{"embeddable":true,"href":"https:\/\/profalexcursos.com.br\/index.php?rest_route=%2Fwp%2Fv2%2Fcomments&post=272"}],"wp:featuredmedia":[{"embeddable":true,"href":"https:\/\/profalexcursos.com.br\/index.php?rest_route=\/wp\/v2\/media\/342"}],"wp:attachment":[{"href":"https:\/\/profalexcursos.com.br\/index.php?rest_route=%2Fwp%2Fv2%2Fmedia&parent=272"}],"wp:term":[{"taxonomy":"product_brand","embeddable":true,"href":"https:\/\/profalexcursos.com.br\/index.php?rest_route=%2Fwp%2Fv2%2Fproduct_brand&post=272"},{"taxonomy":"product_cat","embeddable":true,"href":"https:\/\/profalexcursos.com.br\/index.php?rest_route=%2Fwp%2Fv2%2Fproduct_cat&post=272"},{"taxonomy":"product_tag","embeddable":true,"href":"https:\/\/profalexcursos.com.br\/index.php?rest_route=%2Fwp%2Fv2%2Fproduct_tag&post=272"}],"curies":[{"name":"wp","href":"https:\/\/api.w.org\/{rel}","templated":true}]}}