{"id":3109,"date":"2025-01-27T13:31:36","date_gmt":"2025-01-27T13:31:36","guid":{"rendered":"https:\/\/profalexcursos.com.br\/?post_type=product&#038;p=3109"},"modified":"2025-01-27T13:31:36","modified_gmt":"2025-01-27T13:31:36","slug":"apostila-de-redacao-atualidades-dissertativo-argumentativo","status":"publish","type":"product","link":"https:\/\/profalexcursos.com.br\/?product=apostila-de-redacao-atualidades-dissertativo-argumentativo","title":{"rendered":"APOSTILA DE REDA\u00c7\u00c3O ATUALIDADES- Dissertativo-argumentativo"},"content":{"rendered":"<p><strong>APOSTILA DE REDA\u00c7\u00c3O- DISSERTATIVO-ARGUMENTATIVO<\/strong><\/p>\n<p><strong>Elaborada c0m o objetivo em concursos p\u00fablicos, esta apostila completa e did\u00e1tica foi desenvolvida para te oferecer todas as ferramentas necess\u00e1rias para dominar a reda\u00e7\u00e3o dissertativa-argumentativa. Seja voc\u00ea \u00e9 candidato(a) a um cargo policial, de educa\u00e7\u00e3o, da \u00e1rea administrativa ou a qualquer outra carreira que exija a produ\u00e7\u00e3o de textos dissertativo- argumentativo, este material \u00e9 essencial para voc\u00ea! Serve para qualquer banca que cobre texto dissertativo-argumentativo.<\/strong><\/p>\n<p><strong>POSSUI:<\/strong><\/p>\n<p><strong>MODELOS PRONTOS<\/strong><\/p>\n<p><strong>SUGEST\u00d5ES DE TEMAS\u00a0<\/strong><\/p>\n<p><strong>DICAS DE ARGUMENTOS, CONECTIVOS, REPERT\u00d3RIOS, ESQUELETO E MUITO MAIS!<\/strong><\/p>\n","protected":false},"excerpt":{"rendered":"<p>APOSTILA DE REDA\u00c7\u00c3O- DISSERTATIVO-ARGUMENTATIVO<\/p>\n<p>Elaborada c0m o objetivo em concursos p\u00fablicos, esta apostila completa e did\u00e1tica foi desenvolvida para te oferecer todas as ferramentas necess\u00e1rias para dominar a reda\u00e7\u00e3o dissertativa-argumentativa. Seja voc\u00ea candidato a um cargo policial, educa\u00e7\u00e3o, administrativa ou a qualquer outra carreira que exija a produ\u00e7\u00e3o de textos dissertativo- argumentativo, este material \u00e9 essencial para voc\u00ea!<\/p>\n<p>POSSUI:<\/p>\n<p>MODELOS PRONTOS<\/p>\n<p>SUGEST\u00d5ES DE TEMAS<\/p>\n<p>DICAS DE ARGUMENTOS, CONECTIVOS, REPERT\u00d3RIOS, ESQUELETO E MUITO MAIS!<\/p>\n","protected":false},"featured_media":3110,"comment_status":"open","ping_status":"closed","template":"","meta":{"_monsterinsights_skip_tracking":false,"_monsterinsights_sitenote_active":false,"_monsterinsights_sitenote_note":"","_monsterinsights_sitenote_category":0,"_uf_show_specific_survey":0,"_uf_disable_surveys":false},"product_brand":[],"product_cat":[25],"product_tag":[],"class_list":{"0":"post-3109","1":"product","2":"type-product","3":"status-publish","4":"has-post-thumbnail","6":"product_cat-cursos-e-apostilas","8":"first","9":"instock","10":"sale","11":"virtual","12":"purchasable","13":"product-type-simple"},"aioseo_notices":[],"jetpack_sharing_enabled":true,"_links":{"self":[{"href":"https:\/\/profalexcursos.com.br\/index.php?rest_route=\/wp\/v2\/product\/3109","targetHints":{"allow":["GET"]}}],"collection":[{"href":"https:\/\/profalexcursos.com.br\/index.php?rest_route=\/wp\/v2\/product"}],"about":[{"href":"https:\/\/profalexcursos.com.br\/index.php?rest_route=\/wp\/v2\/types\/product"}],"replies":[{"embeddable":true,"href":"https:\/\/profalexcursos.com.br\/index.php?rest_route=%2Fwp%2Fv2%2Fcomments&post=3109"}],"wp:featuredmedia":[{"embeddable":true,"href":"https:\/\/profalexcursos.com.br\/index.php?rest_route=\/wp\/v2\/media\/3110"}],"wp:attachment":[{"href":"https:\/\/profalexcursos.com.br\/index.php?rest_route=%2Fwp%2Fv2%2Fmedia&parent=3109"}],"wp:term":[{"taxonomy":"product_brand","embeddable":true,"href":"https:\/\/profalexcursos.com.br\/index.php?rest_route=%2Fwp%2Fv2%2Fproduct_brand&post=3109"},{"taxonomy":"product_cat","embeddable":true,"href":"https:\/\/profalexcursos.com.br\/index.php?rest_route=%2Fwp%2Fv2%2Fproduct_cat&post=3109"},{"taxonomy":"product_tag","embeddable":true,"href":"https:\/\/profalexcursos.com.br\/index.php?rest_route=%2Fwp%2Fv2%2Fproduct_tag&post=3109"}],"curies":[{"name":"wp","href":"https:\/\/api.w.org\/{rel}","templated":true}]}}