{"id":3243,"date":"2025-05-12T13:08:00","date_gmt":"2025-05-12T13:08:00","guid":{"rendered":"https:\/\/profalexcursos.com.br\/?post_type=product&#038;p=3243"},"modified":"2025-05-12T13:08:00","modified_gmt":"2025-05-12T13:08:00","slug":"curso-de-discursiva-area-fiscal","status":"publish","type":"product","link":"https:\/\/profalexcursos.com.br\/?product=curso-de-discursiva-area-fiscal","title":{"rendered":"CURSO DE DISCURSIVA- \u00c1REA FISCAL"},"content":{"rendered":"<p>CURSO EM PDF<\/p>\n<p>TEMAS SOBRE LEGISLA\u00c7\u00c3O TRIBUT\u00c1RIA E DIREITO TRIBUT\u00c1RIO<\/p>\n<p>\u00c1REA FISCAL ( AUDITOR FISCAL E CONTROLE)<\/p>\n<p>12 MODELOS PRONTOS DE QUEST\u00d5ES DISCURSIVAS<\/p>\n<p>10 SUGEST\u00d5ES DE TEMAS<\/p>\n<p>DICAS DE ESTRUTURA, CONECTIVOS, ARGUMENTOS E MUITO MAIS<\/p>\n<p>RECEBA VIA -EMAIL OU Whatsapp<\/p>\n<p>Temos servi\u00e7o de corre\u00e7\u00e3o! Consulte<\/p>\n","protected":false},"excerpt":{"rendered":"<p>CURSO EM PDF<\/p>\n<p>TEMAS SOBRE LEGISLA\u00c7\u00c3O TRIBUT\u00c1RIA E DIREITO TRIBUT\u00c1RIO<\/p>\n<p>\u00c1REA FISCAL ( AUDITOR FISCAL E CONTROLE)<\/p>\n<p>12 MODELOS PRONTOS DE QUEST\u00d5ES DISCURSIVAS<\/p>\n<p>10 SUGEST\u00d5ES DE TEMAS<\/p>\n<p>DICAS DE ESTRUTURA, CONECTIVOS, ARGUMENTOS E MUITO MAIS<\/p>\n<p>RECEBA VIA -EMAIL OU Whatsapp<\/p>\n<p>Temos servi\u00e7o de corre\u00e7\u00e3o! Consulte<\/p>\n","protected":false},"featured_media":3244,"comment_status":"open","ping_status":"closed","template":"","meta":{"_monsterinsights_skip_tracking":false,"_monsterinsights_sitenote_active":false,"_monsterinsights_sitenote_note":"","_monsterinsights_sitenote_category":0,"_uf_show_specific_survey":0,"_uf_disable_surveys":false},"product_brand":[],"product_cat":[25],"product_tag":[],"class_list":{"0":"post-3243","1":"product","2":"type-product","3":"status-publish","4":"has-post-thumbnail","6":"product_cat-cursos-e-apostilas","8":"first","9":"instock","10":"sale","11":"virtual","12":"purchasable","13":"product-type-simple"},"aioseo_notices":[],"jetpack_sharing_enabled":true,"_links":{"self":[{"href":"https:\/\/profalexcursos.com.br\/index.php?rest_route=\/wp\/v2\/product\/3243","targetHints":{"allow":["GET"]}}],"collection":[{"href":"https:\/\/profalexcursos.com.br\/index.php?rest_route=\/wp\/v2\/product"}],"about":[{"href":"https:\/\/profalexcursos.com.br\/index.php?rest_route=\/wp\/v2\/types\/product"}],"replies":[{"embeddable":true,"href":"https:\/\/profalexcursos.com.br\/index.php?rest_route=%2Fwp%2Fv2%2Fcomments&post=3243"}],"wp:featuredmedia":[{"embeddable":true,"href":"https:\/\/profalexcursos.com.br\/index.php?rest_route=\/wp\/v2\/media\/3244"}],"wp:attachment":[{"href":"https:\/\/profalexcursos.com.br\/index.php?rest_route=%2Fwp%2Fv2%2Fmedia&parent=3243"}],"wp:term":[{"taxonomy":"product_brand","embeddable":true,"href":"https:\/\/profalexcursos.com.br\/index.php?rest_route=%2Fwp%2Fv2%2Fproduct_brand&post=3243"},{"taxonomy":"product_cat","embeddable":true,"href":"https:\/\/profalexcursos.com.br\/index.php?rest_route=%2Fwp%2Fv2%2Fproduct_cat&post=3243"},{"taxonomy":"product_tag","embeddable":true,"href":"https:\/\/profalexcursos.com.br\/index.php?rest_route=%2Fwp%2Fv2%2Fproduct_tag&post=3243"}],"curies":[{"name":"wp","href":"https:\/\/api.w.org\/{rel}","templated":true}]}}