{"id":3275,"date":"2025-06-02T23:23:58","date_gmt":"2025-06-02T23:23:58","guid":{"rendered":"https:\/\/profalexcursos.com.br\/?post_type=product&#038;p=3275"},"modified":"2025-06-02T23:31:10","modified_gmt":"2025-06-02T23:31:10","slug":"estudo-de-caso-educacao","status":"publish","type":"product","link":"https:\/\/profalexcursos.com.br\/?product=estudo-de-caso-educacao","title":{"rendered":"Estudo de Caso &#8211; Educa\u00e7\u00e3o"},"content":{"rendered":"<p>Apostila Estudo de Caso ( Temas da educa\u00e7\u00e3o)<\/p>\n<p>10 modelos prontos<\/p>\n<p>11 sugest\u00f5es de temas<\/p>\n<p>Dicas de argumentos, gram\u00e1tica aplicada ao texto<\/p>\n<p>Estrutura<\/p>\n<p>Conectivos<\/p>\n<p>Repert\u00f3rios<\/p>\n","protected":false},"excerpt":{"rendered":"<p>Apostila Estudo de Caso ( Temas da educa\u00e7\u00e3o)<\/p>\n<p>10 modelos prontos<\/p>\n<p>11 sugest\u00f5es de temas<\/p>\n<p>Dicas de argumentos, gram\u00e1tica aplicada ao texto<\/p>\n<p>Estrutura<\/p>\n<p>Conectivos<\/p>\n<p>Repert\u00f3rios<\/p>\n","protected":false},"featured_media":3277,"comment_status":"open","ping_status":"closed","template":"","meta":{"_monsterinsights_skip_tracking":false,"_monsterinsights_sitenote_active":false,"_monsterinsights_sitenote_note":"","_monsterinsights_sitenote_category":0,"_uf_show_specific_survey":0,"_uf_disable_surveys":false},"product_brand":[],"product_cat":[25],"product_tag":[],"class_list":{"0":"post-3275","1":"product","2":"type-product","3":"status-publish","4":"has-post-thumbnail","6":"product_cat-cursos-e-apostilas","8":"first","9":"instock","10":"sale","11":"virtual","12":"purchasable","13":"product-type-simple"},"aioseo_notices":[],"jetpack_sharing_enabled":true,"_links":{"self":[{"href":"https:\/\/profalexcursos.com.br\/index.php?rest_route=\/wp\/v2\/product\/3275","targetHints":{"allow":["GET"]}}],"collection":[{"href":"https:\/\/profalexcursos.com.br\/index.php?rest_route=\/wp\/v2\/product"}],"about":[{"href":"https:\/\/profalexcursos.com.br\/index.php?rest_route=\/wp\/v2\/types\/product"}],"replies":[{"embeddable":true,"href":"https:\/\/profalexcursos.com.br\/index.php?rest_route=%2Fwp%2Fv2%2Fcomments&post=3275"}],"wp:featuredmedia":[{"embeddable":true,"href":"https:\/\/profalexcursos.com.br\/index.php?rest_route=\/wp\/v2\/media\/3277"}],"wp:attachment":[{"href":"https:\/\/profalexcursos.com.br\/index.php?rest_route=%2Fwp%2Fv2%2Fmedia&parent=3275"}],"wp:term":[{"taxonomy":"product_brand","embeddable":true,"href":"https:\/\/profalexcursos.com.br\/index.php?rest_route=%2Fwp%2Fv2%2Fproduct_brand&post=3275"},{"taxonomy":"product_cat","embeddable":true,"href":"https:\/\/profalexcursos.com.br\/index.php?rest_route=%2Fwp%2Fv2%2Fproduct_cat&post=3275"},{"taxonomy":"product_tag","embeddable":true,"href":"https:\/\/profalexcursos.com.br\/index.php?rest_route=%2Fwp%2Fv2%2Fproduct_tag&post=3275"}],"curies":[{"name":"wp","href":"https:\/\/api.w.org\/{rel}","templated":true}]}}