{"id":3292,"date":"2025-06-23T20:03:37","date_gmt":"2025-06-23T20:03:37","guid":{"rendered":"https:\/\/profalexcursos.com.br\/?post_type=product&#038;p=3292"},"modified":"2025-06-23T20:03:38","modified_gmt":"2025-06-23T20:03:38","slug":"apostila-de-redacao-temas-bancarios","status":"publish","type":"product","link":"https:\/\/profalexcursos.com.br\/?product=apostila-de-redacao-temas-bancarios","title":{"rendered":"Apostila De Reda\u00e7\u00e3o &#8211; Temas Banc\u00e1rios"},"content":{"rendered":"<p style=\"text-align: left;\">Apostila de reda\u00e7\u00e3o<\/p>\n<p>Temas Banc\u00e1rios<\/p>\n<p>12 modelos prontos<\/p>\n<p>15 sugest\u00f5es de temas<\/p>\n<p>Dicas de argumentos, gram\u00e1tica aplicada ao texto, estrutura, conectivos, esqueleto, repert\u00f3rios<\/p>\n<p>&nbsp;<\/p>\n<p>Estrutura dissertativo argumentativo<\/p>\n","protected":false},"excerpt":{"rendered":"<p>Apostila de reda\u00e7\u00e3o<\/p>\n<p>Temas Banc\u00e1rios<\/p>\n<p>12 modelos prontos<\/p>\n<p>15 sugest\u00f5es de temas<\/p>\n<p>&nbsp;<\/p>\n<p>Dicas de argumentos, gram\u00e1tica aplicada ao texto, estrutura, conectivos, esqueleto, repert\u00f3rios<\/p>\n<p>Estrutura dissertativo argumentativo<\/p>\n","protected":false},"featured_media":3293,"comment_status":"open","ping_status":"closed","template":"","meta":{"_monsterinsights_skip_tracking":false,"_monsterinsights_sitenote_active":false,"_monsterinsights_sitenote_note":"","_monsterinsights_sitenote_category":0,"_uf_show_specific_survey":0,"_uf_disable_surveys":false},"product_brand":[],"product_cat":[25],"product_tag":[],"class_list":{"0":"post-3292","1":"product","2":"type-product","3":"status-publish","4":"has-post-thumbnail","6":"product_cat-cursos-e-apostilas","8":"first","9":"instock","10":"sale","11":"virtual","12":"purchasable","13":"product-type-simple"},"aioseo_notices":[],"jetpack_sharing_enabled":true,"_links":{"self":[{"href":"https:\/\/profalexcursos.com.br\/index.php?rest_route=\/wp\/v2\/product\/3292","targetHints":{"allow":["GET"]}}],"collection":[{"href":"https:\/\/profalexcursos.com.br\/index.php?rest_route=\/wp\/v2\/product"}],"about":[{"href":"https:\/\/profalexcursos.com.br\/index.php?rest_route=\/wp\/v2\/types\/product"}],"replies":[{"embeddable":true,"href":"https:\/\/profalexcursos.com.br\/index.php?rest_route=%2Fwp%2Fv2%2Fcomments&post=3292"}],"wp:featuredmedia":[{"embeddable":true,"href":"https:\/\/profalexcursos.com.br\/index.php?rest_route=\/wp\/v2\/media\/3293"}],"wp:attachment":[{"href":"https:\/\/profalexcursos.com.br\/index.php?rest_route=%2Fwp%2Fv2%2Fmedia&parent=3292"}],"wp:term":[{"taxonomy":"product_brand","embeddable":true,"href":"https:\/\/profalexcursos.com.br\/index.php?rest_route=%2Fwp%2Fv2%2Fproduct_brand&post=3292"},{"taxonomy":"product_cat","embeddable":true,"href":"https:\/\/profalexcursos.com.br\/index.php?rest_route=%2Fwp%2Fv2%2Fproduct_cat&post=3292"},{"taxonomy":"product_tag","embeddable":true,"href":"https:\/\/profalexcursos.com.br\/index.php?rest_route=%2Fwp%2Fv2%2Fproduct_tag&post=3292"}],"curies":[{"name":"wp","href":"https:\/\/api.w.org\/{rel}","templated":true}]}}