{"id":3334,"date":"2025-08-01T10:19:29","date_gmt":"2025-08-01T10:19:29","guid":{"rendered":"https:\/\/profalexcursos.com.br\/?post_type=product&#038;p=3334"},"modified":"2025-08-01T10:19:29","modified_gmt":"2025-08-01T10:19:29","slug":"vunesp-apostila-de-redacao","status":"publish","type":"product","link":"https:\/\/profalexcursos.com.br\/?product=vunesp-apostila-de-redacao","title":{"rendered":"VUNESP-APOSTILA DE REDA\u00c7\u00c3O"},"content":{"rendered":"<p><strong>APOSTILA DE REDA\u00c7\u00c3O- ESTILO VUNESP<\/strong><\/p>\n<p>SERVE PARA QUALQUER CONCURSO QUE COBRA TEMAS DA ATUALIDADE<\/p>\n<p>DISSERTATIVO-ARGUMENTATIVO<\/p>\n<p>POSSUI 13 MODELOS PRONTOS<\/p>\n<p>15 SUGEST\u00d5ES DE TEMAS<\/p>\n<p>DICAS DE REPERT\u00d3RIOS, CONECTIVOS<\/p>\n<p>DICAS DE ARGUMENTOS<\/p>\n<p>ESTRUTURA, CONECTIVOS E MUITO MAIS!<\/p>\n","protected":false},"excerpt":{"rendered":"<p>APOSTILA DE REDA\u00c7\u00c3O- ESTILO VUNESP<\/p>\n<p>SERVE PARA QUALQUER CONCURSO QUE COBRA TEMAS DA ATUALIDADE<\/p>\n<p>DISSERTATIVO-ARGUMENTATIVO<\/p>\n<p>POSSUI 13 MODELOS PRONTOS<\/p>\n<p>15 SUGEST\u00d5ES DE TEMAS<\/p>\n<p>DICAS DE REPERT\u00d3RIOS, CONECTIVOS<\/p>\n<p>DICAS DE ARGUMENTOS<\/p>\n<p>ESTRUTURA, CONECTIVOS E MUITO MAIS!<\/p>\n","protected":false},"featured_media":3336,"comment_status":"open","ping_status":"closed","template":"","meta":{"_monsterinsights_skip_tracking":false,"_monsterinsights_sitenote_active":false,"_monsterinsights_sitenote_note":"","_monsterinsights_sitenote_category":0,"_uf_show_specific_survey":0,"_uf_disable_surveys":false},"product_brand":[],"product_cat":[25],"product_tag":[],"class_list":{"0":"post-3334","1":"product","2":"type-product","3":"status-publish","4":"has-post-thumbnail","6":"product_cat-cursos-e-apostilas","8":"first","9":"instock","10":"sale","11":"virtual","12":"purchasable","13":"product-type-simple"},"aioseo_notices":[],"jetpack_sharing_enabled":true,"_links":{"self":[{"href":"https:\/\/profalexcursos.com.br\/index.php?rest_route=\/wp\/v2\/product\/3334","targetHints":{"allow":["GET"]}}],"collection":[{"href":"https:\/\/profalexcursos.com.br\/index.php?rest_route=\/wp\/v2\/product"}],"about":[{"href":"https:\/\/profalexcursos.com.br\/index.php?rest_route=\/wp\/v2\/types\/product"}],"replies":[{"embeddable":true,"href":"https:\/\/profalexcursos.com.br\/index.php?rest_route=%2Fwp%2Fv2%2Fcomments&post=3334"}],"wp:featuredmedia":[{"embeddable":true,"href":"https:\/\/profalexcursos.com.br\/index.php?rest_route=\/wp\/v2\/media\/3336"}],"wp:attachment":[{"href":"https:\/\/profalexcursos.com.br\/index.php?rest_route=%2Fwp%2Fv2%2Fmedia&parent=3334"}],"wp:term":[{"taxonomy":"product_brand","embeddable":true,"href":"https:\/\/profalexcursos.com.br\/index.php?rest_route=%2Fwp%2Fv2%2Fproduct_brand&post=3334"},{"taxonomy":"product_cat","embeddable":true,"href":"https:\/\/profalexcursos.com.br\/index.php?rest_route=%2Fwp%2Fv2%2Fproduct_cat&post=3334"},{"taxonomy":"product_tag","embeddable":true,"href":"https:\/\/profalexcursos.com.br\/index.php?rest_route=%2Fwp%2Fv2%2Fproduct_tag&post=3334"}],"curies":[{"name":"wp","href":"https:\/\/api.w.org\/{rel}","templated":true}]}}