{"id":3447,"date":"2025-10-23T14:56:45","date_gmt":"2025-10-23T14:56:45","guid":{"rendered":"https:\/\/profalexcursos.com.br\/?post_type=product&#038;p=3447"},"modified":"2025-10-23T14:56:45","modified_gmt":"2025-10-23T14:56:45","slug":"pc-ba-apostila-de-redacao-discursiva","status":"publish","type":"product","link":"https:\/\/profalexcursos.com.br\/?product=pc-ba-apostila-de-redacao-discursiva","title":{"rendered":"PC BA- APOSTILA DE REDA\u00c7\u00c3O DISCURSIVA"},"content":{"rendered":"<p>14 MODELOS PRONTOS<br \/>\n15 SUGEST\u00d5ES DE TEMAS<br \/>\nTEMAS PERTINENTES \u00c0 \u00c1REA PENAL, PROCESSUAL PENAL, C\u00cdVEL E ADMINISTRATIVA.<br \/>\nESTUDO DE CASO &#8211; QUEST\u00d5ES DISCURSIVAS<br \/>\nDICAS DE REPERT\u00d3RIOS<br \/>\nGRAM\u00c1TICA TEXTUAL E ESTRUTURA<\/p>\n","protected":false},"excerpt":{"rendered":"<p>14 MODELOS PRONTOS<br \/>\n15 SUGEST\u00d5ES DE TEMAS<br \/>\nTEMAS PERTINENTES \u00c0 \u00c1REA PENAL, PROCESSUAL PENAL, C\u00cdVEL E ADMINISTRATIVA.<br \/>\nESTUDO DE CASO &#8211; QUEST\u00d5ES DISCURSIVAS<br \/>\nDICAS DE REPERT\u00d3RIOS<br \/>\nGRAM\u00c1TICA TEXTUAL E ESTRUTURA<\/p>\n","protected":false},"featured_media":3448,"comment_status":"open","ping_status":"closed","template":"","meta":{"_monsterinsights_skip_tracking":false,"_monsterinsights_sitenote_active":false,"_monsterinsights_sitenote_note":"","_monsterinsights_sitenote_category":0,"_uf_show_specific_survey":0,"_uf_disable_surveys":false},"product_brand":[],"product_cat":[25],"product_tag":[],"class_list":{"0":"post-3447","1":"product","2":"type-product","3":"status-publish","4":"has-post-thumbnail","6":"product_cat-cursos-e-apostilas","8":"first","9":"instock","10":"sale","11":"virtual","12":"purchasable","13":"product-type-simple"},"aioseo_notices":[],"jetpack_sharing_enabled":true,"_links":{"self":[{"href":"https:\/\/profalexcursos.com.br\/index.php?rest_route=\/wp\/v2\/product\/3447","targetHints":{"allow":["GET"]}}],"collection":[{"href":"https:\/\/profalexcursos.com.br\/index.php?rest_route=\/wp\/v2\/product"}],"about":[{"href":"https:\/\/profalexcursos.com.br\/index.php?rest_route=\/wp\/v2\/types\/product"}],"replies":[{"embeddable":true,"href":"https:\/\/profalexcursos.com.br\/index.php?rest_route=%2Fwp%2Fv2%2Fcomments&post=3447"}],"wp:featuredmedia":[{"embeddable":true,"href":"https:\/\/profalexcursos.com.br\/index.php?rest_route=\/wp\/v2\/media\/3448"}],"wp:attachment":[{"href":"https:\/\/profalexcursos.com.br\/index.php?rest_route=%2Fwp%2Fv2%2Fmedia&parent=3447"}],"wp:term":[{"taxonomy":"product_brand","embeddable":true,"href":"https:\/\/profalexcursos.com.br\/index.php?rest_route=%2Fwp%2Fv2%2Fproduct_brand&post=3447"},{"taxonomy":"product_cat","embeddable":true,"href":"https:\/\/profalexcursos.com.br\/index.php?rest_route=%2Fwp%2Fv2%2Fproduct_cat&post=3447"},{"taxonomy":"product_tag","embeddable":true,"href":"https:\/\/profalexcursos.com.br\/index.php?rest_route=%2Fwp%2Fv2%2Fproduct_tag&post=3447"}],"curies":[{"name":"wp","href":"https:\/\/api.w.org\/{rel}","templated":true}]}}