{"id":3497,"date":"2025-12-16T09:43:09","date_gmt":"2025-12-16T09:43:09","guid":{"rendered":"https:\/\/profalexcursos.com.br\/?post_type=product&#038;p=3497"},"modified":"2025-12-16T09:43:09","modified_gmt":"2025-12-16T09:43:09","slug":"educacao-especial-questao-discursiva-estudo-de-caso","status":"publish","type":"product","link":"https:\/\/profalexcursos.com.br\/?product=educacao-especial-questao-discursiva-estudo-de-caso","title":{"rendered":"EDUCA\u00c7\u00c3O ESPECIAL- QUEST\u00c3O DISCURSIVA- ESTUDO DE CASO"},"content":{"rendered":"<p>A APOSTILA\u00a0 POSSUI:<\/p>\n<p>10 MODELOS PRONTOS<\/p>\n<p>10 SUGEST\u00d5ES DE TEMAS PARA TREINAR<\/p>\n<p>DICAS DE ARGUMENTOS<\/p>\n<p>GRAM\u00c1TICA TEXTUAL<\/p>\n<p>REPERT\u00d3RIOS E MUITO MAIS!<\/p>\n","protected":false},"excerpt":{"rendered":"<p>A APOSTILA\u00a0 POSSUI:<\/p>\n<p>10 MODELOS PRONTOS<\/p>\n<p>10 SUGEST\u00d5ES DE TEMAS PARA TREINAR<\/p>\n<p>DICAS DE ARGUMENTOS<\/p>\n<p>GRAM\u00c1TICA TEXTUAL<\/p>\n<p>REPERT\u00d3RIOS E MUITO MAIS<\/p>\n","protected":false},"featured_media":3498,"comment_status":"open","ping_status":"closed","template":"","meta":{"_monsterinsights_skip_tracking":false,"_monsterinsights_sitenote_active":false,"_monsterinsights_sitenote_note":"","_monsterinsights_sitenote_category":0,"_uf_show_specific_survey":0,"_uf_disable_surveys":false},"product_brand":[],"product_cat":[25],"product_tag":[],"class_list":{"0":"post-3497","1":"product","2":"type-product","3":"status-publish","4":"has-post-thumbnail","6":"product_cat-cursos-e-apostilas","8":"first","9":"instock","10":"sale","11":"virtual","12":"purchasable","13":"product-type-simple"},"aioseo_notices":[],"jetpack_sharing_enabled":true,"_links":{"self":[{"href":"https:\/\/profalexcursos.com.br\/index.php?rest_route=\/wp\/v2\/product\/3497","targetHints":{"allow":["GET"]}}],"collection":[{"href":"https:\/\/profalexcursos.com.br\/index.php?rest_route=\/wp\/v2\/product"}],"about":[{"href":"https:\/\/profalexcursos.com.br\/index.php?rest_route=\/wp\/v2\/types\/product"}],"replies":[{"embeddable":true,"href":"https:\/\/profalexcursos.com.br\/index.php?rest_route=%2Fwp%2Fv2%2Fcomments&post=3497"}],"wp:featuredmedia":[{"embeddable":true,"href":"https:\/\/profalexcursos.com.br\/index.php?rest_route=\/wp\/v2\/media\/3498"}],"wp:attachment":[{"href":"https:\/\/profalexcursos.com.br\/index.php?rest_route=%2Fwp%2Fv2%2Fmedia&parent=3497"}],"wp:term":[{"taxonomy":"product_brand","embeddable":true,"href":"https:\/\/profalexcursos.com.br\/index.php?rest_route=%2Fwp%2Fv2%2Fproduct_brand&post=3497"},{"taxonomy":"product_cat","embeddable":true,"href":"https:\/\/profalexcursos.com.br\/index.php?rest_route=%2Fwp%2Fv2%2Fproduct_cat&post=3497"},{"taxonomy":"product_tag","embeddable":true,"href":"https:\/\/profalexcursos.com.br\/index.php?rest_route=%2Fwp%2Fv2%2Fproduct_tag&post=3497"}],"curies":[{"name":"wp","href":"https:\/\/api.w.org\/{rel}","templated":true}]}}