{"id":3508,"date":"2026-01-01T14:29:12","date_gmt":"2026-01-01T14:29:12","guid":{"rendered":"https:\/\/profalexcursos.com.br\/?post_type=product&#038;p=3508"},"modified":"2026-01-01T14:29:12","modified_gmt":"2026-01-01T14:29:12","slug":"curso-redacao-do-zero-para-iniciantes-videoaula","status":"publish","type":"product","link":"https:\/\/profalexcursos.com.br\/?product=curso-redacao-do-zero-para-iniciantes-videoaula","title":{"rendered":"CURSO REDA\u00c7\u00c3O DO ZERO PARA INICIANTES (V\u00cdDEOAULA)"},"content":{"rendered":"<p><strong>CURSO REDA\u00c7\u00c3O DO ZERO PARA INICIANTES EM V\u00cdDEOAULA<\/strong><\/p>\n<p>CURSO PELA PLATAFORMA HOTMART<\/p>\n<p>ACESSO VITAL\u00cdCIO<\/p>\n<p>L\u00c1 ENSINO PASSO A PASSO DE FORMA OBJETIVA TODA A ESRRUTURA TEXTUAL<\/p>\n<p>INTRODU\u00c7\u00c3O, DESENVOLVIMENTO, CONCLUS\u00c3O, REPERT\u00d3RIOS, CONECTIVOS, ESQUELETO E MUITO MAIS!<\/p>\n<p>SERVE PARA QUALQUER BANCA\u00a0 QUE COBRE TEXTO DISSERTATIVO-ARGUMENTATIVO<\/p>\n<p>APENAS 39,90- VALOR \u00daNICO<\/p>\n<p><strong>PE\u00c7A O LINK\u00a0 \u00a0<\/strong> \u00a0 \u00a0 <a href=\"https:\/\/hotmart.com\/pt-br\/marketplace\/produtos\/curso-de-redacao-do-zero\/K76315129X\">https:\/\/hotmart.com\/pt-br\/marketplace\/produtos\/curso-de-redacao-do-zero\/K76315129X<\/a><\/p>\n","protected":false},"excerpt":{"rendered":"<p><strong>CURSO REDA\u00c7\u00c3O DO ZERO PARA INICIANTES EM V\u00cdDEOAULA<\/strong><\/p>\n<p>CURSO PELA PLATAFORMA HOTMART<\/p>\n<p>ACESSO VITAL\u00cdCIO<\/p>\n<p>L\u00c1 ENSINO PASSO A PASSO DE FORMA OBJETIVA TODA A ESRRUTURA TEXTUAL<\/p>\n<p>INTRODU\u00c7\u00c3O, DESENVOLVIMENTO, CONCLUS\u00c3O, REPERT\u00d3RIOS, CONECTIVOS, ESQUELETO E MUITO MAIS!<\/p>\n<p>SERVE PARA QUALQUER BANCA\u00a0 QUE COBRE TEXTO DISSERTATIVO-ARGUMENTATIVO<\/p>\n<p><strong>APENAS 39,90- VALOR \u00daNICO<\/strong><\/p>\n<p><strong>PE\u00c7A O LINK\u00a0 \u00a0<\/strong> \u00a0 \u00a0 <a href=\"https:\/\/hotmart.com\/pt-br\/marketplace\/produtos\/curso-de-redacao-do-zero\/K76315129X\">https:\/\/hotmart.com\/pt-br\/marketplace\/produtos\/curso-de-redacao-do-zero\/K76315129X<\/a><\/p>\n","protected":false},"featured_media":3510,"comment_status":"open","ping_status":"closed","template":"","meta":{"_monsterinsights_skip_tracking":false,"_monsterinsights_sitenote_active":false,"_monsterinsights_sitenote_note":"","_monsterinsights_sitenote_category":0,"_uf_show_specific_survey":0,"_uf_disable_surveys":false},"product_brand":[],"product_cat":[25],"product_tag":[],"class_list":{"0":"post-3508","1":"product","2":"type-product","3":"status-publish","4":"has-post-thumbnail","6":"product_cat-cursos-e-apostilas","8":"first","9":"instock","10":"shipping-taxable","11":"product-type-simple"},"aioseo_notices":[],"jetpack_sharing_enabled":true,"_links":{"self":[{"href":"https:\/\/profalexcursos.com.br\/index.php?rest_route=\/wp\/v2\/product\/3508","targetHints":{"allow":["GET"]}}],"collection":[{"href":"https:\/\/profalexcursos.com.br\/index.php?rest_route=\/wp\/v2\/product"}],"about":[{"href":"https:\/\/profalexcursos.com.br\/index.php?rest_route=\/wp\/v2\/types\/product"}],"replies":[{"embeddable":true,"href":"https:\/\/profalexcursos.com.br\/index.php?rest_route=%2Fwp%2Fv2%2Fcomments&post=3508"}],"wp:featuredmedia":[{"embeddable":true,"href":"https:\/\/profalexcursos.com.br\/index.php?rest_route=\/wp\/v2\/media\/3510"}],"wp:attachment":[{"href":"https:\/\/profalexcursos.com.br\/index.php?rest_route=%2Fwp%2Fv2%2Fmedia&parent=3508"}],"wp:term":[{"taxonomy":"product_brand","embeddable":true,"href":"https:\/\/profalexcursos.com.br\/index.php?rest_route=%2Fwp%2Fv2%2Fproduct_brand&post=3508"},{"taxonomy":"product_cat","embeddable":true,"href":"https:\/\/profalexcursos.com.br\/index.php?rest_route=%2Fwp%2Fv2%2Fproduct_cat&post=3508"},{"taxonomy":"product_tag","embeddable":true,"href":"https:\/\/profalexcursos.com.br\/index.php?rest_route=%2Fwp%2Fv2%2Fproduct_tag&post=3508"}],"curies":[{"name":"wp","href":"https:\/\/api.w.org\/{rel}","templated":true}]}}