{"id":3511,"date":"2026-01-01T14:40:06","date_gmt":"2026-01-01T14:40:06","guid":{"rendered":"https:\/\/profalexcursos.com.br\/?post_type=product&#038;p=3511"},"modified":"2026-01-01T14:40:06","modified_gmt":"2026-01-01T14:40:06","slug":"curso-de-redacao-cebraspe-em-videoaula","status":"publish","type":"product","link":"https:\/\/profalexcursos.com.br\/?product=curso-de-redacao-cebraspe-em-videoaula","title":{"rendered":"CURSO DE REDA\u00c7\u00c3O (CEBRASPE) EM V\u00cdDEOAULA"},"content":{"rendered":"<p>CURSO DE REDA\u00c7\u00c3O PARA BANCA CEBRASPE DO ZERO- PARA INICIANTES<\/p>\n<p>SERVE PARA QUALQUER CONCURSO ORGANIZADO PELA CEBRASPE<\/p>\n<p>TEMAS DA ATUALIDADE<\/p>\n<p>INCLUSO PACOTE COM 03 CORRE\u00c7\u00d5ES<\/p>\n<p>L\u00c1 ENSINO PASSO A PASSO TODA A ESTRUTURA, CONECTIVOS, MODELOS PRONTOS, SUGEST\u00d5ES DE TEMAS.<\/p>\n<p>V\u00c1LIDO POR UM ANO<\/p>\n<p>APENAS 119,00 ( PAGAMENTO \u00daNICO)<\/p>\n<p>PE\u00c7A PELO LINK\u00a0\u00a0<a href=\"https:\/\/hotmart.com\/pt-br\/marketplace\/produtos\/curso-de-redacao-cebraspe-cespe\/X82557603H\">https:\/\/hotmart.com\/pt-br\/marketplace\/produtos\/curso-de-redacao-cebraspe-cespe\/X82557603H<\/a><\/p>\n<p>&nbsp;<\/p>\n<p class=\"_mb-5\" role=\"paragraph\">Este curso serve para qualquer concurso da CEBRASPE que cobre TEXTO DISSERTATIVO DE AT\u00c9 30 LINHAS com temas da ATUALIDADE.<\/p>\n<p class=\"_mb-5\" role=\"paragraph\">Voc\u00ea ter\u00e1 acesso por um ano. O curso \u00e9 dividido em aulas gravadas, modelos prontos, temas comentados e todo passo a passo para ir bem na sua prova discursiva.<\/p>\n<p class=\"_mb-5\" role=\"paragraph\">AULA 01 &#8211; INTRODU\u00c7\u00c3O &#8211; ESTRUTURA<\/p>\n<p class=\"_mb-5\" role=\"paragraph\">AULA 02 &#8211; SEGUNDO PAR\u00c1GRAFO (D1)<\/p>\n<p class=\"_mb-5\" role=\"paragraph\">AULA 03- TERCEIRO PAR\u00c1GRAFO &#8211; (D2)<\/p>\n<p class=\"_mb-5\" role=\"paragraph\">AULA 04 &#8211; CONCLUS\u00c3O<\/p>\n<p class=\"_mb-5\" role=\"paragraph\">AULA 05- ESQUELETO DE REDA\u00c7\u00c3O CEBRASPE<\/p>\n<p class=\"_mb-5\" role=\"paragraph\">AULA 06 &#8211; REPERT\u00d3RIOS<\/p>\n<p class=\"_mb-5\" role=\"paragraph\">AULA 07- MODELO PRONTO COM 02 T\u00d3PICOS<\/p>\n<p class=\"_mb-5\" role=\"paragraph\">AULA 08- PRINCIPAIS ERROS NA CEBRASPE<\/p>\n<p class=\"_mb-5\" role=\"paragraph\">E MUITO MAIS!<\/p>\n<p class=\"_mb-5\" role=\"paragraph\">Aulas pela plataforma. INCLUSO 03 CORRE\u00c7\u00d5ES personalizadas de acordo com seu edital! Contato direto com o professor pelo Whastsapp!<\/p>\n<p class=\"_mb-5\" role=\"paragraph\">ESTE CURSO TE AJUDAR\u00c1 A SER APROVADO NA REDA\u00c7\u00c3O CEBRASPE &#8211; CESPE<\/p>\n","protected":false},"excerpt":{"rendered":"<p>CURSO DE REDA\u00c7\u00c3O PARA BANCA CEBRASPE DO ZERO- PARA INICIANTES<\/p>\n<p>SERVE PARA QUALQUER CONCURSO ORGANIZADO PELA CEBRASPE<\/p>\n<p>TEMAS DA ATUALIDADE<\/p>\n<p>INCLUSO PACOTE COM 03 CORRE\u00c7\u00d5ES<\/p>\n<p>L\u00c1 ENSINO PASSO A PASSO TODA A ESTRUTURA, CONECTIVOS, MODELOS PRONTOS, SUGEST\u00d5ES DE TEMAS.<\/p>\n<p>V\u00c1LIDO POR UM ANO<\/p>\n<p>APENAS 119,00 ( PAGAMENTO \u00daNICO)<\/p>\n<p>PE\u00c7A PELO LINK\u00a0\u00a0https:\/\/hotmart.com\/pt-br\/marketplace\/produtos\/curso-de-redacao-cebraspe-cespe\/X82557603H<\/p>\n<p>Este curso serve para qualquer concurso da CEBRASPE que cobre TEXTO DISSERTATIVO DE AT\u00c9 30 LINHAS com temas da ATUALIDADE.<\/p>\n<p>Voc\u00ea ter\u00e1 acesso por um ano. O curso \u00e9 dividido em aulas gravadas, modelos prontos, temas comentados e todo passo a passo para ir bem na sua prova discursiva.<\/p>\n<p>AULA 01 &#8211; INTRODU\u00c7\u00c3O &#8211; ESTRUTURA<\/p>\n<p>AULA 02 &#8211; SEGUNDO PAR\u00c1GRAFO (D1)<\/p>\n<p>AULA 03- TERCEIRO PAR\u00c1GRAFO &#8211; (D2)<\/p>\n<p>AULA 04 &#8211; CONCLUS\u00c3O<\/p>\n<p>AULA 05- ESQUELETO DE REDA\u00c7\u00c3O CEBRASPE<\/p>\n<p>AULA 06 &#8211; REPERT\u00d3RIOS<\/p>\n<p>AULA 07- MODELO PRONTO COM 02 T\u00d3PICOS<\/p>\n<p>AULA 08- PRINCIPAIS ERROS NA CEBRASPE<\/p>\n<p>E MUITO MAIS!<\/p>\n<p>Aulas pela plataforma. INCLUSO 03 CORRE\u00c7\u00d5ES personalizadas de acordo com seu edital! Contato direto com o professor pelo Whastsapp!<\/p>\n<p>ESTE CURSO TE AJUDAR\u00c1 A SER APROVADO NA REDA\u00c7\u00c3O CEBRASPE &#8211; CESPE<\/p>\n","protected":false},"featured_media":3512,"comment_status":"open","ping_status":"closed","template":"","meta":{"_monsterinsights_skip_tracking":false,"_monsterinsights_sitenote_active":false,"_monsterinsights_sitenote_note":"","_monsterinsights_sitenote_category":0,"_uf_show_specific_survey":0,"_uf_disable_surveys":false},"product_brand":[],"product_cat":[25],"product_tag":[],"class_list":{"0":"post-3511","1":"product","2":"type-product","3":"status-publish","4":"has-post-thumbnail","6":"product_cat-cursos-e-apostilas","8":"first","9":"instock","10":"shipping-taxable","11":"product-type-simple"},"aioseo_notices":[],"jetpack_sharing_enabled":true,"_links":{"self":[{"href":"https:\/\/profalexcursos.com.br\/index.php?rest_route=\/wp\/v2\/product\/3511","targetHints":{"allow":["GET"]}}],"collection":[{"href":"https:\/\/profalexcursos.com.br\/index.php?rest_route=\/wp\/v2\/product"}],"about":[{"href":"https:\/\/profalexcursos.com.br\/index.php?rest_route=\/wp\/v2\/types\/product"}],"replies":[{"embeddable":true,"href":"https:\/\/profalexcursos.com.br\/index.php?rest_route=%2Fwp%2Fv2%2Fcomments&post=3511"}],"wp:featuredmedia":[{"embeddable":true,"href":"https:\/\/profalexcursos.com.br\/index.php?rest_route=\/wp\/v2\/media\/3512"}],"wp:attachment":[{"href":"https:\/\/profalexcursos.com.br\/index.php?rest_route=%2Fwp%2Fv2%2Fmedia&parent=3511"}],"wp:term":[{"taxonomy":"product_brand","embeddable":true,"href":"https:\/\/profalexcursos.com.br\/index.php?rest_route=%2Fwp%2Fv2%2Fproduct_brand&post=3511"},{"taxonomy":"product_cat","embeddable":true,"href":"https:\/\/profalexcursos.com.br\/index.php?rest_route=%2Fwp%2Fv2%2Fproduct_cat&post=3511"},{"taxonomy":"product_tag","embeddable":true,"href":"https:\/\/profalexcursos.com.br\/index.php?rest_route=%2Fwp%2Fv2%2Fproduct_tag&post=3511"}],"curies":[{"name":"wp","href":"https:\/\/api.w.org\/{rel}","templated":true}]}}