{"id":3519,"date":"2026-01-01T18:53:31","date_gmt":"2026-01-01T18:53:31","guid":{"rendered":"https:\/\/profalexcursos.com.br\/?post_type=product&#038;p=3519"},"modified":"2026-01-01T18:59:43","modified_gmt":"2026-01-01T18:59:43","slug":"curso-de-redacao-carreiras-policiais","status":"publish","type":"product","link":"https:\/\/profalexcursos.com.br\/?product=curso-de-redacao-carreiras-policiais","title":{"rendered":"CURSO DE REDA\u00c7\u00c3O- CARREIRAS POLICIAIS"},"content":{"rendered":"<p>Este curso serve para qualquer carreira policial de qualquer banca, pois nele \u00e9 trabalhado todos os g\u00eaneros textuais cobrados pelas bancas de concursos. No curso voc\u00ea aprender\u00e1 passo a passo a estrutura do texto dissertativo argumentativo, dissertativo expositivo ( estilo CESPE-CEBRASPE); Estudo de caso e quest\u00f5es discursivas. Al\u00e9m de repert\u00f3rios, esqueleto, argumentos e conectivos. Possui modelos prontos, temas comentados e v\u00eddeoaulas. Incluso pacote com 04 corre\u00e7\u00f5es e acesso por 04 anos.<br \/>\nEste curso \u00e9 para voc\u00ea que far\u00e1 concurso para PM, PC, PF, PRF, GUARDA CIVIL, ou POL\u00cdCIA PENAL. Possui tamb\u00e9m temas direcionados a sua \u00e1rea. Possui aulas de mentoria como b\u00f4nus.<\/p>\n<p>PE\u00c7A PELO LINK\u00a0<a href=\"https:\/\/go.hotmart.com\/M102086958V?dp=1\">https:\/\/go.hotmart.com\/M102086958V?dp=1<\/a><\/p>\n","protected":false},"excerpt":{"rendered":"<p>Este curso serve para qualquer carreira policial de qualquer banca, pois nele \u00e9 trabalhado todos os g\u00eaneros textuais cobrados pelas bancas de concursos. No curso voc\u00ea aprender\u00e1 passo a passo a estrutura do texto dissertativo argumentativo, dissertativo expositivo ( estilo CESPE-CEBRASPE); Estudo de caso e quest\u00f5es discursivas. Al\u00e9m de repert\u00f3rios, esqueleto, argumentos e conectivos. Possui modelos prontos, temas comentados e v\u00eddeoaulas. Incluso pacote com 04 corre\u00e7\u00f5es e acesso por 04 anos.<br \/>\nEste curso \u00e9 para voc\u00ea que far\u00e1 concurso para PM, PC, PF, PRF, GUARDA CIVIL, ou POL\u00cdCIA PENAL. Possui tamb\u00e9m temas direcionados a sua \u00e1rea. Possui aulas de mentoria como b\u00f4nus.<\/p>\n<p>PE\u00c7A PELO LINK\u00a0<a href=\"https:\/\/go.hotmart.com\/M102086958V?dp=1\">https:\/\/go.hotmart.com\/M102086958V?dp=1<\/a><\/p>\n","protected":false},"featured_media":3521,"comment_status":"open","ping_status":"closed","template":"","meta":{"_monsterinsights_skip_tracking":false,"_monsterinsights_sitenote_active":false,"_monsterinsights_sitenote_note":"","_monsterinsights_sitenote_category":0,"_uf_show_specific_survey":0,"_uf_disable_surveys":false},"product_brand":[],"product_cat":[25],"product_tag":[],"class_list":{"0":"post-3519","1":"product","2":"type-product","3":"status-publish","4":"has-post-thumbnail","6":"product_cat-cursos-e-apostilas","8":"first","9":"instock","10":"shipping-taxable","11":"product-type-simple"},"aioseo_notices":[],"jetpack_sharing_enabled":true,"_links":{"self":[{"href":"https:\/\/profalexcursos.com.br\/index.php?rest_route=\/wp\/v2\/product\/3519","targetHints":{"allow":["GET"]}}],"collection":[{"href":"https:\/\/profalexcursos.com.br\/index.php?rest_route=\/wp\/v2\/product"}],"about":[{"href":"https:\/\/profalexcursos.com.br\/index.php?rest_route=\/wp\/v2\/types\/product"}],"replies":[{"embeddable":true,"href":"https:\/\/profalexcursos.com.br\/index.php?rest_route=%2Fwp%2Fv2%2Fcomments&post=3519"}],"wp:featuredmedia":[{"embeddable":true,"href":"https:\/\/profalexcursos.com.br\/index.php?rest_route=\/wp\/v2\/media\/3521"}],"wp:attachment":[{"href":"https:\/\/profalexcursos.com.br\/index.php?rest_route=%2Fwp%2Fv2%2Fmedia&parent=3519"}],"wp:term":[{"taxonomy":"product_brand","embeddable":true,"href":"https:\/\/profalexcursos.com.br\/index.php?rest_route=%2Fwp%2Fv2%2Fproduct_brand&post=3519"},{"taxonomy":"product_cat","embeddable":true,"href":"https:\/\/profalexcursos.com.br\/index.php?rest_route=%2Fwp%2Fv2%2Fproduct_cat&post=3519"},{"taxonomy":"product_tag","embeddable":true,"href":"https:\/\/profalexcursos.com.br\/index.php?rest_route=%2Fwp%2Fv2%2Fproduct_tag&post=3519"}],"curies":[{"name":"wp","href":"https:\/\/api.w.org\/{rel}","templated":true}]}}