{"id":3549,"date":"2026-01-30T12:31:02","date_gmt":"2026-01-30T12:31:02","guid":{"rendered":"https:\/\/profalexcursos.com.br\/?post_type=product&#038;p=3549"},"modified":"2026-01-30T12:31:02","modified_gmt":"2026-01-30T12:31:02","slug":"ibest-apostila-de-redacao-dissertativa","status":"publish","type":"product","link":"https:\/\/profalexcursos.com.br\/?product=ibest-apostila-de-redacao-dissertativa","title":{"rendered":"IBEST- APOSTILA DE REDA\u00c7\u00c3O DISSERTATIVA"},"content":{"rendered":"<p>IBEST- APOSTILA DE REDA\u00c7\u00c3O-<br \/>\nTEXTO DISSERTATIVO<br \/>\nTEMAS DA ATUALIDADE<br \/>\nPOSSUI 13 MODELOS PRONTOS<br \/>\n10 SUGEST\u00d5ES DE TEMAS PARA TREINAR<br \/>\nDICAS DE ESTRUTURA. CONECTIVOS, REPERT\u00d3RIOS, ESQUELETO E MUITO MAIS!<\/p>\n<p>AP\u00d3S A COMPRA A APOSTILA CHEGAR\u00c1 EM SEU E-MAIL<\/p>\n","protected":false},"excerpt":{"rendered":"<p>IBEST- APOSTILA DE REDA\u00c7\u00c3O-<br \/>\nTEXTO DISSERTATIVO<br \/>\nTEMAS DA ATUALIDADE<br \/>\nPOSSUI 13 MODELOS PRONTOS<br \/>\n10 SUGEST\u00d5ES DE TEMAS PARA TREINAR<br \/>\nDICAS DE ESTRUTURA. CONECTIVOS, REPERT\u00d3RIOS, ESQUELETO E MUITO MAIS!<\/p>\n<p>AP\u00d3S A COMPRA A APOSTILA CHEGAR\u00c1 EM SEU E-MAIL<\/p>\n","protected":false},"featured_media":3550,"comment_status":"open","ping_status":"closed","template":"","meta":{"_monsterinsights_skip_tracking":false,"_monsterinsights_sitenote_active":false,"_monsterinsights_sitenote_note":"","_monsterinsights_sitenote_category":0,"_uf_show_specific_survey":0,"_uf_disable_surveys":false},"product_brand":[],"product_cat":[25],"product_tag":[],"class_list":{"0":"post-3549","1":"product","2":"type-product","3":"status-publish","4":"has-post-thumbnail","6":"product_cat-cursos-e-apostilas","8":"first","9":"instock","10":"sale","11":"virtual","12":"purchasable","13":"product-type-simple"},"aioseo_notices":[],"jetpack_sharing_enabled":true,"_links":{"self":[{"href":"https:\/\/profalexcursos.com.br\/index.php?rest_route=\/wp\/v2\/product\/3549","targetHints":{"allow":["GET"]}}],"collection":[{"href":"https:\/\/profalexcursos.com.br\/index.php?rest_route=\/wp\/v2\/product"}],"about":[{"href":"https:\/\/profalexcursos.com.br\/index.php?rest_route=\/wp\/v2\/types\/product"}],"replies":[{"embeddable":true,"href":"https:\/\/profalexcursos.com.br\/index.php?rest_route=%2Fwp%2Fv2%2Fcomments&post=3549"}],"wp:featuredmedia":[{"embeddable":true,"href":"https:\/\/profalexcursos.com.br\/index.php?rest_route=\/wp\/v2\/media\/3550"}],"wp:attachment":[{"href":"https:\/\/profalexcursos.com.br\/index.php?rest_route=%2Fwp%2Fv2%2Fmedia&parent=3549"}],"wp:term":[{"taxonomy":"product_brand","embeddable":true,"href":"https:\/\/profalexcursos.com.br\/index.php?rest_route=%2Fwp%2Fv2%2Fproduct_brand&post=3549"},{"taxonomy":"product_cat","embeddable":true,"href":"https:\/\/profalexcursos.com.br\/index.php?rest_route=%2Fwp%2Fv2%2Fproduct_cat&post=3549"},{"taxonomy":"product_tag","embeddable":true,"href":"https:\/\/profalexcursos.com.br\/index.php?rest_route=%2Fwp%2Fv2%2Fproduct_tag&post=3549"}],"curies":[{"name":"wp","href":"https:\/\/api.w.org\/{rel}","templated":true}]}}