{"id":3562,"date":"2026-02-24T13:42:21","date_gmt":"2026-02-24T13:42:21","guid":{"rendered":"https:\/\/profalexcursos.com.br\/?post_type=product&#038;p=3562"},"modified":"2026-02-24T13:52:18","modified_gmt":"2026-02-24T13:52:18","slug":"pm-ba-curso-com-videoaulas-e-correcao","status":"publish","type":"product","link":"https:\/\/profalexcursos.com.br\/?product=pm-ba-curso-com-videoaulas-e-correcao","title":{"rendered":"PM BA- CURSO COM V\u00cdDEOAULAS E CORRE\u00c7\u00c3O"},"content":{"rendered":"<p>A REDA\u00c7\u00c3O N\u00c3O SER\u00c1 O SEU OBST\u00c1CULO NA PMBA! \ud83e\udd85Cansado de travar na frente da folha em branco? O segredo da aprova\u00e7\u00e3o n\u00e3o \u00e9 &#8220;dom&#8221;, \u00e9 m\u00e9todo.No nosso curso focado na PMBA, voc\u00ea pula a parte da adivinha\u00e7\u00e3o e vai direto ao que a banca exige. Tudo o que voc\u00ea precisa em um s\u00f3 lugar:\u2705 V\u00eddeoaulas direto ao ponto: Sem enrola\u00e7\u00e3o, passo a passo real.\u2705 Modelos Prontos: Estruturas validadas para voc\u00ea adaptar a qualquer tema.\u2705 04 Corre\u00e7\u00f5es J\u00e1 inclusas! Voc\u00ea treina e n\u00f3s apontamos onde melhorar.\u2705 Mentoria B\u00f4nus: Aulas exclusivas de estrat\u00e9gia dentro da plataforma.\u2705 Suporte Total: D\u00favidas sanadas at\u00e9 o dia da sua prova.Tudo isso por um investimento \u00fanico de R$ 139,00. \u00c9 menos que um lanche por m\u00eas para garantir a sua farda. \ud83d\ude94\u26a0\ufe0f A farda n\u00e3o espera. A oportunidade \u00e9 agora!\ud83d\udd17 Clique no link e garanta sua vaga!<a href=\"https:\/\/go.hotmart.com\/D104571047H?dp=1\">https:\/\/go.hotmart.com\/D104571047H?dp=1<\/a><\/p>\n","protected":false},"excerpt":{"rendered":"<p>A REDA\u00c7\u00c3O N\u00c3O SER\u00c1 O SEU OBST\u00c1CULO NA PMBA! \ud83e\udd85<\/p>\n<p>Cansado de travar na frente da folha em branco? O segredo da aprova\u00e7\u00e3o n\u00e3o \u00e9 &#8220;dom&#8221;, \u00e9 m\u00e9todo.<\/p>\n<p>No nosso curso focado na PMBA, voc\u00ea pula a parte da adivinha\u00e7\u00e3o e vai direto ao que a banca exige. Tudo o que voc\u00ea precisa em um s\u00f3 lugar:<\/p>\n<p>\u2705 V\u00eddeoaulas direto ao ponto: Sem enrola\u00e7\u00e3o, passo a passo real.<br \/>\n\u2705 Modelos Prontos: Estruturas validadas para voc\u00ea adaptar a qualquer tema.<br \/>\n\u2705 04 Corre\u00e7\u00f5es J\u00e1 inclusas! Voc\u00ea treina e n\u00f3s apontamos onde melhorar.<br \/>\n\u2705 Mentoria B\u00f4nus: Aulas exclusivas de estrat\u00e9gia dentro da plataforma.<br \/>\n\u2705 Suporte Total: D\u00favidas sanadas at\u00e9 o dia da sua prova.<\/p>\n<p>Tudo isso por um investimento \u00fanico de R$ 139,00. \u00c9 menos que um lanche por m\u00eas para garantir a sua farda. \ud83d\ude94<\/p>\n<p>\u26a0\ufe0f A farda n\u00e3o espera. A oportunidade \u00e9 agora!<\/p>\n<p>\ud83d\udd17 Clique no link e garanta sua vaga agora mesmo!\u00a0<a href=\"https:\/\/go.hotmart.com\/D104571047H?dp=1\">https:\/\/go.hotmart.com\/D104571047H?dp=1<\/a><\/p>\n","protected":false},"featured_media":3563,"comment_status":"open","ping_status":"closed","template":"","meta":{"_monsterinsights_skip_tracking":false,"_monsterinsights_sitenote_active":false,"_monsterinsights_sitenote_note":"","_monsterinsights_sitenote_category":0,"_uf_show_specific_survey":0,"_uf_disable_surveys":false},"product_brand":[],"product_cat":[25],"product_tag":[],"class_list":{"0":"post-3562","1":"product","2":"type-product","3":"status-publish","4":"has-post-thumbnail","6":"product_cat-cursos-e-apostilas","8":"first","9":"instock","10":"virtual","11":"product-type-simple"},"aioseo_notices":[],"jetpack_sharing_enabled":true,"_links":{"self":[{"href":"https:\/\/profalexcursos.com.br\/index.php?rest_route=\/wp\/v2\/product\/3562","targetHints":{"allow":["GET"]}}],"collection":[{"href":"https:\/\/profalexcursos.com.br\/index.php?rest_route=\/wp\/v2\/product"}],"about":[{"href":"https:\/\/profalexcursos.com.br\/index.php?rest_route=\/wp\/v2\/types\/product"}],"replies":[{"embeddable":true,"href":"https:\/\/profalexcursos.com.br\/index.php?rest_route=%2Fwp%2Fv2%2Fcomments&post=3562"}],"wp:featuredmedia":[{"embeddable":true,"href":"https:\/\/profalexcursos.com.br\/index.php?rest_route=\/wp\/v2\/media\/3563"}],"wp:attachment":[{"href":"https:\/\/profalexcursos.com.br\/index.php?rest_route=%2Fwp%2Fv2%2Fmedia&parent=3562"}],"wp:term":[{"taxonomy":"product_brand","embeddable":true,"href":"https:\/\/profalexcursos.com.br\/index.php?rest_route=%2Fwp%2Fv2%2Fproduct_brand&post=3562"},{"taxonomy":"product_cat","embeddable":true,"href":"https:\/\/profalexcursos.com.br\/index.php?rest_route=%2Fwp%2Fv2%2Fproduct_cat&post=3562"},{"taxonomy":"product_tag","embeddable":true,"href":"https:\/\/profalexcursos.com.br\/index.php?rest_route=%2Fwp%2Fv2%2Fproduct_tag&post=3562"}],"curies":[{"name":"wp","href":"https:\/\/api.w.org\/{rel}","templated":true}]}}