{"id":3594,"date":"2026-03-26T15:58:46","date_gmt":"2026-03-26T15:58:46","guid":{"rendered":"https:\/\/profalexcursos.com.br\/?post_type=product&#038;p=3594"},"modified":"2026-03-26T15:58:46","modified_gmt":"2026-03-26T15:58:46","slug":"gcm-manaus-apostila-de-redacao","status":"publish","type":"product","link":"https:\/\/profalexcursos.com.br\/?product=gcm-manaus-apostila-de-redacao","title":{"rendered":"GCM- MANAUS- APOSTILA DE REDA\u00c7\u00c3O"},"content":{"rendered":"<p>APOSTILA DE REDA\u00c7\u00c3O<br \/>\nGCM- MANAUS &#8211; INSTITUTO CONSULPLAN<\/p>\n<p>POSSUI 13 MODELOS PRONTOS<br \/>\n15 SUGEST\u00d5ES DE TEMAS AOS MOLDES DA BANCA<br \/>\nDICAS DE ARGUMENTOS<br \/>\nREPERT\u00d3RIOS<br \/>\nCONECTIVOS<br \/>\nESTRUTURA<br \/>\nESQUELETO E MUITO MAIS!<\/p>\n","protected":false},"excerpt":{"rendered":"<p>APOSTILA DE REDA\u00c7\u00c3O<br \/>\nGCM- MANAUS &#8211; INSTITUTO CONSULPLAN<\/p>\n<p>POSSUI 13 MODELOS PRONTOS<br \/>\n15 SUGEST\u00d5ES DE TEMAS AOS MOLDES DA BANCA<br \/>\nDICAS DE ARGUMENTOS<br \/>\nREPERT\u00d3RIOS<br \/>\nCONECTIVOS<br \/>\nESTRUTURA<br \/>\nESQUELETO E MUITO MAIS!<\/p>\n<p>PE\u00c7A PELO LINK<br \/>\nAP\u00d3S A COMPRA, O MATERIAL CHEGAR\u00c1 EM SEU -EMAIL<\/p>\n","protected":false},"featured_media":3595,"comment_status":"open","ping_status":"closed","template":"","meta":{"_monsterinsights_skip_tracking":false,"_monsterinsights_sitenote_active":false,"_monsterinsights_sitenote_note":"","_monsterinsights_sitenote_category":0,"_uf_show_specific_survey":0,"_uf_disable_surveys":false},"product_brand":[],"product_cat":[25],"product_tag":[],"class_list":{"0":"post-3594","1":"product","2":"type-product","3":"status-publish","4":"has-post-thumbnail","6":"product_cat-cursos-e-apostilas","8":"first","9":"instock","10":"sale","11":"virtual","12":"purchasable","13":"product-type-simple"},"aioseo_notices":[],"jetpack_sharing_enabled":true,"_links":{"self":[{"href":"https:\/\/profalexcursos.com.br\/index.php?rest_route=\/wp\/v2\/product\/3594","targetHints":{"allow":["GET"]}}],"collection":[{"href":"https:\/\/profalexcursos.com.br\/index.php?rest_route=\/wp\/v2\/product"}],"about":[{"href":"https:\/\/profalexcursos.com.br\/index.php?rest_route=\/wp\/v2\/types\/product"}],"replies":[{"embeddable":true,"href":"https:\/\/profalexcursos.com.br\/index.php?rest_route=%2Fwp%2Fv2%2Fcomments&post=3594"}],"wp:featuredmedia":[{"embeddable":true,"href":"https:\/\/profalexcursos.com.br\/index.php?rest_route=\/wp\/v2\/media\/3595"}],"wp:attachment":[{"href":"https:\/\/profalexcursos.com.br\/index.php?rest_route=%2Fwp%2Fv2%2Fmedia&parent=3594"}],"wp:term":[{"taxonomy":"product_brand","embeddable":true,"href":"https:\/\/profalexcursos.com.br\/index.php?rest_route=%2Fwp%2Fv2%2Fproduct_brand&post=3594"},{"taxonomy":"product_cat","embeddable":true,"href":"https:\/\/profalexcursos.com.br\/index.php?rest_route=%2Fwp%2Fv2%2Fproduct_cat&post=3594"},{"taxonomy":"product_tag","embeddable":true,"href":"https:\/\/profalexcursos.com.br\/index.php?rest_route=%2Fwp%2Fv2%2Fproduct_tag&post=3594"}],"curies":[{"name":"wp","href":"https:\/\/api.w.org\/{rel}","templated":true}]}}